{"id":240,"date":"2025-09-12T17:10:24","date_gmt":"2025-09-12T17:10:24","guid":{"rendered":"https:\/\/safebox.lv\/?page_id=240"},"modified":"2026-03-23T18:04:35","modified_gmt":"2026-03-23T18:04:35","slug":"%d0%bc%d0%be%d0%b9-%d0%b0%d0%ba%d0%ba%d0%b0%d1%83%d0%bd%d1%82","status":"publish","type":"page","link":"https:\/\/safebox.lv\/ru\/%d0%bc%d0%be%d0%b9-%d0%b0%d0%ba%d0%ba%d0%b0%d1%83%d0%bd%d1%82\/","title":{"rendered":"\u041c\u043e\u0439 \u0430\u043a\u043a\u0430\u0443\u043d\u0442"},"content":{"rendered":"\t\t<div data-elementor-type=\"wp-page\" data-elementor-id=\"240\" class=\"elementor elementor-240 elementor-9\" data-elementor-post-type=\"page\">\n\t\t\t\t<div class=\"elementor-element elementor-element-487a2728 e-flex e-con-boxed e-con e-parent\" data-id=\"487a2728\" data-element_type=\"container\">\n\t\t\t\t\t<div class=\"e-con-inner\">\n\t\t\t\t<div class=\"elementor-element elementor-element-3106c7ad e-my-account-tabs-vertical elementor-widget elementor-widget-woocommerce-my-account\" data-id=\"3106c7ad\" data-element_type=\"widget\" data-widget_type=\"woocommerce-my-account.default\">\n\t\t\t\t\t<div class=\"e-my-account-tab e-my-account-tab__ \">\t\t\t<div class=\"woocommerce\"><\/div>\t\t<\/div>\n\t\t\t\t\t\t<\/div>\n\t\t\t\t\t<\/div>\n\t\t\t\t<\/div>\n\t\t\t\t<\/div>\n\t\t","protected":false},"excerpt":{"rendered":"<p>\u0418\u043d\u0444\u043e\u0440\u043c\u0430\u0446\u0438\u043e\u043d\u043d\u0430\u044f \u043f\u0430\u043d\u0435\u043b\u044c \u0417\u0430\u043a\u0430\u0437\u044b \u0410\u0434\u0440\u0435\u0441\u0430 \u0414\u0430\u043d\u043d\u044b\u0435 \u043f\u043e\u043b\u044c\u0437\u043e\u0432\u0430\u0442\u0435\u043b\u044f \u0412\u044b\u0439\u0442\u0438 Hello admin (not admin? Log out) From your account dashboard you can view your recent orders, manage your shipping and billing addresses, and edit your password and account details. Lab\u0101k\u0101s mantu glab\u0101tuves<\/p>\n","protected":false},"author":1,"featured_media":0,"parent":0,"menu_order":0,"comment_status":"closed","ping_status":"closed","template":"","meta":{"footnotes":""},"class_list":["post-240","page","type-page","status-publish","hentry"],"yoast_head":"<!-- This site is optimized with the Yoast SEO plugin v27.2 - https:\/\/yoast.com\/product\/yoast-seo-wordpress\/ -->\n<title>\u041c\u043e\u0439 \u0430\u043a\u043a\u0430\u0443\u043d\u0442 - Safe Box<\/title>\n<meta name=\"robots\" content=\"index, follow, max-snippet:-1, max-image-preview:large, max-video-preview:-1\" \/>\n<link rel=\"canonical\" href=\"https:\/\/safebox.lv\/ru\/\u043c\u043e\u0439-\u0430\u043a\u043a\u0430\u0443\u043d\u0442\/\" \/>\n<meta property=\"og:locale\" content=\"ru_RU\" \/>\n<meta property=\"og:type\" content=\"article\" \/>\n<meta property=\"og:title\" content=\"\u041c\u043e\u0439 \u0430\u043a\u043a\u0430\u0443\u043d\u0442 - Safe Box\" \/>\n<meta property=\"og:description\" content=\"\u0418\u043d\u0444\u043e\u0440\u043c\u0430\u0446\u0438\u043e\u043d\u043d\u0430\u044f \u043f\u0430\u043d\u0435\u043b\u044c \u0417\u0430\u043a\u0430\u0437\u044b \u0410\u0434\u0440\u0435\u0441\u0430 \u0414\u0430\u043d\u043d\u044b\u0435 \u043f\u043e\u043b\u044c\u0437\u043e\u0432\u0430\u0442\u0435\u043b\u044f \u0412\u044b\u0439\u0442\u0438 Hello admin (not admin? Log out) From your account dashboard you can view your recent orders, manage your shipping and billing addresses, and edit your password and account details. Lab\u0101k\u0101s mantu glab\u0101tuves\" \/>\n<meta property=\"og:url\" content=\"https:\/\/safebox.lv\/ru\/\u043c\u043e\u0439-\u0430\u043a\u043a\u0430\u0443\u043d\u0442\/\" \/>\n<meta property=\"og:site_name\" content=\"Safe Box\" \/>\n<meta property=\"article:modified_time\" content=\"2026-03-23T18:04:35+00:00\" \/>\n<meta name=\"twitter:card\" content=\"summary_large_image\" \/>\n<meta name=\"twitter:label1\" content=\"\u041f\u0440\u0438\u043c\u0435\u0440\u043d\u043e\u0435 \u0432\u0440\u0435\u043c\u044f \u0434\u043b\u044f \u0447\u0442\u0435\u043d\u0438\u044f\" \/>\n\t<meta name=\"twitter:data1\" content=\"1 \u043c\u0438\u043d\u0443\u0442\u0430\" \/>\n<script type=\"application\/ld+json\" class=\"yoast-schema-graph\">{\"@context\":\"https:\/\/schema.org\",\"@graph\":[{\"@type\":\"WebPage\",\"@id\":\"https:\/\/safebox.lv\/ru\/%d0%bc%d0%be%d0%b9-%d0%b0%d0%ba%d0%ba%d0%b0%d1%83%d0%bd%d1%82\/\",\"url\":\"https:\/\/safebox.lv\/ru\/%d0%bc%d0%be%d0%b9-%d0%b0%d0%ba%d0%ba%d0%b0%d1%83%d0%bd%d1%82\/\",\"name\":\"\u041c\u043e\u0439 \u0430\u043a\u043a\u0430\u0443\u043d\u0442 - Safe Box\",\"isPartOf\":{\"@id\":\"https:\/\/safebox.lv\/#website\"},\"datePublished\":\"2025-09-12T17:10:24+00:00\",\"dateModified\":\"2026-03-23T18:04:35+00:00\",\"breadcrumb\":{\"@id\":\"https:\/\/safebox.lv\/ru\/%d0%bc%d0%be%d0%b9-%d0%b0%d0%ba%d0%ba%d0%b0%d1%83%d0%bd%d1%82\/#breadcrumb\"},\"inLanguage\":\"ru-RU\",\"potentialAction\":[{\"@type\":\"ReadAction\",\"target\":[\"https:\/\/safebox.lv\/ru\/%d0%bc%d0%be%d0%b9-%d0%b0%d0%ba%d0%ba%d0%b0%d1%83%d0%bd%d1%82\/\"]}]},{\"@type\":\"BreadcrumbList\",\"@id\":\"https:\/\/safebox.lv\/ru\/%d0%bc%d0%be%d0%b9-%d0%b0%d0%ba%d0%ba%d0%b0%d1%83%d0%bd%d1%82\/#breadcrumb\",\"itemListElement\":[{\"@type\":\"ListItem\",\"position\":1,\"name\":\"Home\",\"item\":\"https:\/\/safebox.lv\/\"},{\"@type\":\"ListItem\",\"position\":2,\"name\":\"\u041c\u043e\u0439 \u0430\u043a\u043a\u0430\u0443\u043d\u0442\"}]},{\"@type\":\"WebSite\",\"@id\":\"https:\/\/safebox.lv\/#website\",\"url\":\"https:\/\/safebox.lv\/\",\"name\":\"Safe Box\",\"description\":\"\",\"publisher\":{\"@id\":\"https:\/\/safebox.lv\/#organization\"},\"potentialAction\":[{\"@type\":\"SearchAction\",\"target\":{\"@type\":\"EntryPoint\",\"urlTemplate\":\"https:\/\/safebox.lv\/?s={search_term_string}\"},\"query-input\":{\"@type\":\"PropertyValueSpecification\",\"valueRequired\":true,\"valueName\":\"search_term_string\"}}],\"inLanguage\":\"ru-RU\"},{\"@type\":\"Organization\",\"@id\":\"https:\/\/safebox.lv\/#organization\",\"name\":\"Safe Box\",\"url\":\"https:\/\/safebox.lv\/\",\"logo\":{\"@type\":\"ImageObject\",\"inLanguage\":\"ru-RU\",\"@id\":\"https:\/\/safebox.lv\/#\/schema\/logo\/image\/\",\"url\":\"https:\/\/safebox.lv\/wp-content\/uploads\/2025\/09\/safebox-logotips1.png\",\"contentUrl\":\"https:\/\/safebox.lv\/wp-content\/uploads\/2025\/09\/safebox-logotips1.png\",\"width\":120,\"height\":96,\"caption\":\"Safe Box\"},\"image\":{\"@id\":\"https:\/\/safebox.lv\/#\/schema\/logo\/image\/\"}}]}<\/script>\n<!-- \/ Yoast SEO plugin. -->","yoast_head_json":{"title":"\u041c\u043e\u0439 \u0430\u043a\u043a\u0430\u0443\u043d\u0442 - Safe Box","robots":{"index":"index","follow":"follow","max-snippet":"max-snippet:-1","max-image-preview":"max-image-preview:large","max-video-preview":"max-video-preview:-1"},"canonical":"https:\/\/safebox.lv\/ru\/\u043c\u043e\u0439-\u0430\u043a\u043a\u0430\u0443\u043d\u0442\/","og_locale":"ru_RU","og_type":"article","og_title":"\u041c\u043e\u0439 \u0430\u043a\u043a\u0430\u0443\u043d\u0442 - Safe Box","og_description":"\u0418\u043d\u0444\u043e\u0440\u043c\u0430\u0446\u0438\u043e\u043d\u043d\u0430\u044f \u043f\u0430\u043d\u0435\u043b\u044c \u0417\u0430\u043a\u0430\u0437\u044b \u0410\u0434\u0440\u0435\u0441\u0430 \u0414\u0430\u043d\u043d\u044b\u0435 \u043f\u043e\u043b\u044c\u0437\u043e\u0432\u0430\u0442\u0435\u043b\u044f \u0412\u044b\u0439\u0442\u0438 Hello admin (not admin? Log out) From your account dashboard you can view your recent orders, manage your shipping and billing addresses, and edit your password and account details. Lab\u0101k\u0101s mantu glab\u0101tuves","og_url":"https:\/\/safebox.lv\/ru\/\u043c\u043e\u0439-\u0430\u043a\u043a\u0430\u0443\u043d\u0442\/","og_site_name":"Safe Box","article_modified_time":"2026-03-23T18:04:35+00:00","twitter_card":"summary_large_image","twitter_misc":{"\u041f\u0440\u0438\u043c\u0435\u0440\u043d\u043e\u0435 \u0432\u0440\u0435\u043c\u044f \u0434\u043b\u044f \u0447\u0442\u0435\u043d\u0438\u044f":"1 \u043c\u0438\u043d\u0443\u0442\u0430"},"schema":{"@context":"https:\/\/schema.org","@graph":[{"@type":"WebPage","@id":"https:\/\/safebox.lv\/ru\/%d0%bc%d0%be%d0%b9-%d0%b0%d0%ba%d0%ba%d0%b0%d1%83%d0%bd%d1%82\/","url":"https:\/\/safebox.lv\/ru\/%d0%bc%d0%be%d0%b9-%d0%b0%d0%ba%d0%ba%d0%b0%d1%83%d0%bd%d1%82\/","name":"\u041c\u043e\u0439 \u0430\u043a\u043a\u0430\u0443\u043d\u0442 - Safe Box","isPartOf":{"@id":"https:\/\/safebox.lv\/#website"},"datePublished":"2025-09-12T17:10:24+00:00","dateModified":"2026-03-23T18:04:35+00:00","breadcrumb":{"@id":"https:\/\/safebox.lv\/ru\/%d0%bc%d0%be%d0%b9-%d0%b0%d0%ba%d0%ba%d0%b0%d1%83%d0%bd%d1%82\/#breadcrumb"},"inLanguage":"ru-RU","potentialAction":[{"@type":"ReadAction","target":["https:\/\/safebox.lv\/ru\/%d0%bc%d0%be%d0%b9-%d0%b0%d0%ba%d0%ba%d0%b0%d1%83%d0%bd%d1%82\/"]}]},{"@type":"BreadcrumbList","@id":"https:\/\/safebox.lv\/ru\/%d0%bc%d0%be%d0%b9-%d0%b0%d0%ba%d0%ba%d0%b0%d1%83%d0%bd%d1%82\/#breadcrumb","itemListElement":[{"@type":"ListItem","position":1,"name":"Home","item":"https:\/\/safebox.lv\/"},{"@type":"ListItem","position":2,"name":"\u041c\u043e\u0439 \u0430\u043a\u043a\u0430\u0443\u043d\u0442"}]},{"@type":"WebSite","@id":"https:\/\/safebox.lv\/#website","url":"https:\/\/safebox.lv\/","name":"Safe Box","description":"","publisher":{"@id":"https:\/\/safebox.lv\/#organization"},"potentialAction":[{"@type":"SearchAction","target":{"@type":"EntryPoint","urlTemplate":"https:\/\/safebox.lv\/?s={search_term_string}"},"query-input":{"@type":"PropertyValueSpecification","valueRequired":true,"valueName":"search_term_string"}}],"inLanguage":"ru-RU"},{"@type":"Organization","@id":"https:\/\/safebox.lv\/#organization","name":"Safe Box","url":"https:\/\/safebox.lv\/","logo":{"@type":"ImageObject","inLanguage":"ru-RU","@id":"https:\/\/safebox.lv\/#\/schema\/logo\/image\/","url":"https:\/\/safebox.lv\/wp-content\/uploads\/2025\/09\/safebox-logotips1.png","contentUrl":"https:\/\/safebox.lv\/wp-content\/uploads\/2025\/09\/safebox-logotips1.png","width":120,"height":96,"caption":"Safe Box"},"image":{"@id":"https:\/\/safebox.lv\/#\/schema\/logo\/image\/"}}]}},"_links":{"self":[{"href":"https:\/\/safebox.lv\/ru\/wp-json\/wp\/v2\/pages\/240","targetHints":{"allow":["GET"]}}],"collection":[{"href":"https:\/\/safebox.lv\/ru\/wp-json\/wp\/v2\/pages"}],"about":[{"href":"https:\/\/safebox.lv\/ru\/wp-json\/wp\/v2\/types\/page"}],"author":[{"embeddable":true,"href":"https:\/\/safebox.lv\/ru\/wp-json\/wp\/v2\/users\/1"}],"replies":[{"embeddable":true,"href":"https:\/\/safebox.lv\/ru\/wp-json\/wp\/v2\/comments?post=240"}],"version-history":[{"count":5,"href":"https:\/\/safebox.lv\/ru\/wp-json\/wp\/v2\/pages\/240\/revisions"}],"predecessor-version":[{"id":20888,"href":"https:\/\/safebox.lv\/ru\/wp-json\/wp\/v2\/pages\/240\/revisions\/20888"}],"wp:attachment":[{"href":"https:\/\/safebox.lv\/ru\/wp-json\/wp\/v2\/media?parent=240"}],"curies":[{"name":"wp","href":"https:\/\/api.w.org\/{rel}","templated":true}]}}