{"id":17921,"date":"2025-11-04T10:55:46","date_gmt":"2025-11-04T10:55:46","guid":{"rendered":"https:\/\/safebox.lv\/?page_id=17921"},"modified":"2026-01-16T12:15:12","modified_gmt":"2026-01-16T12:15:12","slug":"kontakti","status":"publish","type":"page","link":"https:\/\/safebox.lv\/ru\/kontakti\/","title":{"rendered":"\u041a\u043e\u043d\u0442\u0430\u043a\u0442\u044b"},"content":{"rendered":"\t\t<div data-elementor-type=\"wp-page\" data-elementor-id=\"17921\" class=\"elementor elementor-17921 elementor-627\" data-elementor-post-type=\"page\">\n\t\t\t\t<div class=\"elementor-element elementor-element-13a676f e-con-full e-flex e-con e-parent\" data-id=\"13a676f\" data-element_type=\"container\" data-settings=\"{&quot;background_background&quot;:&quot;classic&quot;}\">\n\t\t\t\t<div class=\"elementor-element elementor-element-0d88541 elementor-widget elementor-widget-text-editor\" data-id=\"0d88541\" data-element_type=\"widget\" data-widget_type=\"text-editor.default\">\n\t\t\t\t\t\t\t\t\t<h1><strong>\u041a\u0410\u041a \u0421\u0412\u042f\u0417\u0410\u0422\u042c\u0421\u042f \u0421 SAFE BOX?<\/strong><\/h1><p>\u0427\u0430\u0441\u044b \u0440\u0430\u0431\u043e\u0442\u044b \u043a\u043e\u043b\u043b\u0446\u0435\u043d\u0442\u0440\u0430 \u041f\u043d-\u041f 8:00 \u2014 20:00<\/p><p>+371 27772247<\/p><p>info@safebox.lv<\/p>\t\t\t\t\t\t\t\t<\/div>\n\t\t\t\t<\/div>\n\t\t<div class=\"elementor-element elementor-element-2f50a90 e-flex e-con-boxed e-con e-parent\" data-id=\"2f50a90\" data-element_type=\"container\">\n\t\t\t\t\t<div class=\"e-con-inner\">\n\t\t\t\t<div class=\"elementor-element elementor-element-c4cd0ec elementor-widget elementor-widget-spacer\" data-id=\"c4cd0ec\" data-element_type=\"widget\" data-widget_type=\"spacer.default\">\n\t\t\t\t\t\t\t<div class=\"elementor-spacer\">\n\t\t\t<div class=\"elementor-spacer-inner\"><\/div>\n\t\t<\/div>\n\t\t\t\t\t\t<\/div>\n\t\t\t\t\t<\/div>\n\t\t\t\t<\/div>\n\t\t<div class=\"elementor-element elementor-element-600baca e-flex e-con-boxed e-con e-parent\" data-id=\"600baca\" data-element_type=\"container\">\n\t\t\t\t\t<div class=\"e-con-inner\">\n\t\t<div class=\"elementor-element elementor-element-80952a6 e-con-full e-flex e-con e-child\" data-id=\"80952a6\" data-element_type=\"container\">\n\t\t\t\t<div class=\"elementor-element elementor-element-1f95f6a elementor-widget elementor-widget-image\" data-id=\"1f95f6a\" data-element_type=\"widget\" data-widget_type=\"image.default\">\n\t\t\t\t\t\t\t\t\t\t\t\t\t\t\t<img decoding=\"async\" src=\"https:\/\/safebox.lv\/wp-content\/uploads\/elementor\/thumbs\/kontakti-centrs-rkonrg8an0d0oqui3z0afouasr8wvngj8yel641too.png\" title=\"kontakti-centrs\" alt=\"kontakti-centrs\" loading=\"lazy\" \/>\t\t\t\t\t\t\t\t\t\t\t\t\t\t\t<\/div>\n\t\t\t\t<\/div>\n\t\t<div class=\"elementor-element elementor-element-aa78f09 e-con-full e-flex e-con e-child\" data-id=\"aa78f09\" data-element_type=\"container\">\n\t\t\t\t<div class=\"elementor-element elementor-element-1a067d0 elementor-widget elementor-widget-image\" data-id=\"1a067d0\" data-element_type=\"widget\" data-widget_type=\"image.default\">\n\t\t\t\t\t\t\t\t\t\t\t\t\t\t\t<img decoding=\"async\" src=\"https:\/\/safebox.lv\/wp-content\/uploads\/elementor\/thumbs\/kontakti-spares-iela-rkonrjzneci5z6p1i0mspnw56aqdqfvglh0j37w8zs.png\" title=\"kontakti-spares-iela\" alt=\"kontakti-spares-iela\" loading=\"lazy\" \/>\t\t\t\t\t\t\t\t\t\t\t\t\t\t\t<\/div>\n\t\t\t\t<\/div>\n\t\t<div class=\"elementor-element elementor-element-2239541 e-con-full e-flex e-con e-child\" data-id=\"2239541\" data-element_type=\"container\">\n\t\t\t\t<div class=\"elementor-element elementor-element-c340170 elementor-widget elementor-widget-google_maps\" data-id=\"c340170\" data-element_type=\"widget\" data-widget_type=\"google_maps.default\">\n\t\t\t\t\t\t\t<div class=\"elementor-custom-embed\">\n\t\t\t<iframe loading=\"lazy\"\n\t\t\t\t\tsrc=\"https:\/\/maps.google.com\/maps?q=SAFE%20BOX%20self%20storage%2C%20Kri%C5%A1j%C4%81%C5%86a%20Barona%20iela%20130-k-9%2C%20Latgales%20priek%C5%A1pils%C4%93ta%2C%20R%C4%ABga%2C%20LV-1012&#038;t=m&#038;z=15&#038;output=embed&#038;iwloc=near\"\n\t\t\t\t\ttitle=\"SAFE BOX self storage, Kri\u0161j\u0101\u0146a Barona iela 130-k-9, Latgales priek\u0161pils\u0113ta, R\u012bga, LV-1012\"\n\t\t\t\t\taria-label=\"SAFE BOX self storage, Kri\u0161j\u0101\u0146a Barona iela 130-k-9, Latgales priek\u0161pils\u0113ta, R\u012bga, LV-1012\"\n\t\t\t><\/iframe>\n\t\t<\/div>\n\t\t\t\t\t\t<\/div>\n\t\t\t\t<\/div>\n\t\t<div class=\"elementor-element elementor-element-ad59db7 e-con-full e-flex e-con e-child\" data-id=\"ad59db7\" data-element_type=\"container\">\n\t\t\t\t<div class=\"elementor-element elementor-element-2b7c3db elementor-widget elementor-widget-google_maps\" data-id=\"2b7c3db\" data-element_type=\"widget\" data-widget_type=\"google_maps.default\">\n\t\t\t\t\t\t\t<div class=\"elementor-custom-embed\">\n\t\t\t<iframe loading=\"lazy\"\n\t\t\t\t\tsrc=\"https:\/\/maps.google.com\/maps?q=SAFE%20BOX%20mantu%20glab%C4%81tuves%20%28Spice%29%2C%20Sp%C4%81res%20iela%203A%2C%20Zemgales%20priek%C5%A1pils%C4%93ta%2C%20R%C4%ABga%2C%20LV-1002&#038;t=m&#038;z=15&#038;output=embed&#038;iwloc=near\"\n\t\t\t\t\ttitle=\"SAFE BOX mantu glab\u0101tuves (Spice), Sp\u0101res iela 3A, Zemgales priek\u0161pils\u0113ta, R\u012bga, LV-1002\"\n\t\t\t\t\taria-label=\"SAFE BOX mantu glab\u0101tuves (Spice), Sp\u0101res iela 3A, Zemgales priek\u0161pils\u0113ta, R\u012bga, LV-1002\"\n\t\t\t><\/iframe>\n\t\t<\/div>\n\t\t\t\t\t\t<\/div>\n\t\t\t\t<\/div>\n\t\t\t\t\t<\/div>\n\t\t\t\t<\/div>\n\t\t<div class=\"elementor-element elementor-element-57dc1a3 e-flex e-con-boxed e-con e-parent\" data-id=\"57dc1a3\" data-element_type=\"container\">\n\t\t\t\t\t<div class=\"e-con-inner\">\n\t\t\t\t<div class=\"elementor-element elementor-element-39e801c elementor-widget elementor-widget-spacer\" data-id=\"39e801c\" data-element_type=\"widget\" data-widget_type=\"spacer.default\">\n\t\t\t\t\t\t\t<div class=\"elementor-spacer\">\n\t\t\t<div class=\"elementor-spacer-inner\"><\/div>\n\t\t<\/div>\n\t\t\t\t\t\t<\/div>\n\t\t\t\t\t<\/div>\n\t\t\t\t<\/div>\n\t\t<div class=\"elementor-element elementor-element-61df1db e-flex e-con-boxed e-con e-parent\" data-id=\"61df1db\" data-element_type=\"container\">\n\t\t\t\t\t<div class=\"e-con-inner\">\n\t\t<div class=\"elementor-element elementor-element-0483837 e-con-full e-flex e-con e-child\" data-id=\"0483837\" data-element_type=\"container\">\n\t\t\t\t<div class=\"elementor-element elementor-element-3f3840b elementor-widget elementor-widget-image\" data-id=\"3f3840b\" data-element_type=\"widget\" data-widget_type=\"image.default\">\n\t\t\t\t\t\t\t\t\t\t\t\t\t\t\t<img decoding=\"async\" src=\"https:\/\/safebox.lv\/wp-content\/uploads\/elementor\/thumbs\/kontakti-teika-rkonr9nfb640fh426e5wg8i2n25cdrqew1u6t6bkw8.png\" title=\"kontakti-teika\" alt=\"kontakti-teika\" loading=\"lazy\" \/>\t\t\t\t\t\t\t\t\t\t\t\t\t\t\t<\/div>\n\t\t\t\t<\/div>\n\t\t<div class=\"elementor-element elementor-element-740faa9 e-con-full e-flex e-con e-child\" data-id=\"740faa9\" data-element_type=\"container\">\n\t\t\t\t<div class=\"elementor-element elementor-element-b22549f elementor-widget elementor-widget-image\" data-id=\"b22549f\" data-element_type=\"widget\" data-widget_type=\"image.default\">\n\t\t\t\t\t\t\t\t\t\t\t\t\t\t\t<img decoding=\"async\" src=\"https:\/\/safebox.lv\/wp-content\/uploads\/elementor\/thumbs\/kontakti-vef-rkonrbj3ou6l2p1bvez5l80zttw2t5xvkb55rq8sjs.png\" title=\"kontakti-vef\" alt=\"kontakti-vef\" loading=\"lazy\" \/>\t\t\t\t\t\t\t\t\t\t\t\t\t\t\t<\/div>\n\t\t\t\t<\/div>\n\t\t<div class=\"elementor-element elementor-element-88c0ce9 e-con-full e-flex e-con e-child\" data-id=\"88c0ce9\" data-element_type=\"container\">\n\t\t\t\t<div class=\"elementor-element elementor-element-663104b elementor-widget elementor-widget-google_maps\" data-id=\"663104b\" data-element_type=\"widget\" data-widget_type=\"google_maps.default\">\n\t\t\t\t\t\t\t<div class=\"elementor-custom-embed\">\n\t\t\t<iframe loading=\"lazy\"\n\t\t\t\t\tsrc=\"https:\/\/maps.google.com\/maps?q=SAFE%20BOX%20mantu%20glab%C4%81tuves%20%28Teika%29%2C%20Vijciema%20iela%201A%2C%20Vidzemes%20priek%C5%A1pils%C4%93ta%2C%20R%C4%ABga%2C%20LV-1006&#038;t=m&#038;z=15&#038;output=embed&#038;iwloc=near\"\n\t\t\t\t\ttitle=\"SAFE BOX mantu glab\u0101tuves (Teika), Vijciema iela 1A, Vidzemes priek\u0161pils\u0113ta, R\u012bga, LV-1006\"\n\t\t\t\t\taria-label=\"SAFE BOX mantu glab\u0101tuves (Teika), Vijciema iela 1A, Vidzemes priek\u0161pils\u0113ta, R\u012bga, LV-1006\"\n\t\t\t><\/iframe>\n\t\t<\/div>\n\t\t\t\t\t\t<\/div>\n\t\t\t\t<\/div>\n\t\t<div class=\"elementor-element elementor-element-85ee1cd e-con-full e-flex e-con e-child\" data-id=\"85ee1cd\" data-element_type=\"container\">\n\t\t\t\t<div class=\"elementor-element elementor-element-5feffd7 elementor-widget elementor-widget-google_maps\" data-id=\"5feffd7\" data-element_type=\"widget\" data-widget_type=\"google_maps.default\">\n\t\t\t\t\t\t\t<div class=\"elementor-custom-embed\">\n\t\t\t<iframe loading=\"lazy\"\n\t\t\t\t\tsrc=\"https:\/\/maps.google.com\/maps?q=SAFE%20BOX%20mantu%20glab%C4%81tuves%20%28VEF%29%2C%20Br%C4%ABv%C4%ABbas%20gat.%20204%20B%2C%20Vidzemes%20priek%C5%A1pils%C4%93ta%2C%20R%C4%ABga%2C%20LV-1039&#038;t=m&#038;z=15&#038;output=embed&#038;iwloc=near\"\n\t\t\t\t\ttitle=\"SAFE BOX mantu glab\u0101tuves (VEF), Br\u012bv\u012bbas gat. 204 B, Vidzemes priek\u0161pils\u0113ta, R\u012bga, LV-1039\"\n\t\t\t\t\taria-label=\"SAFE BOX mantu glab\u0101tuves (VEF), Br\u012bv\u012bbas gat. 204 B, Vidzemes priek\u0161pils\u0113ta, R\u012bga, LV-1039\"\n\t\t\t><\/iframe>\n\t\t<\/div>\n\t\t\t\t\t\t<\/div>\n\t\t\t\t<\/div>\n\t\t<div class=\"elementor-element elementor-element-d85b680 e-con-full e-flex e-con e-child\" data-id=\"d85b680\" data-element_type=\"container\">\n\t\t\t\t<\/div>\n\t\t\t\t\t<\/div>\n\t\t\t\t<\/div>\n\t\t\t\t<\/div>\n\t\t","protected":false},"excerpt":{"rendered":"<p>\u041a\u0410\u041a \u0421\u0412\u042f\u0417\u0410\u0422\u042c\u0421\u042f \u0421 SAFE BOX? \u0427\u0430\u0441\u044b \u0440\u0430\u0431\u043e\u0442\u044b \u043a\u043e\u043b\u043b\u0446\u0435\u043d\u0442\u0440\u0430 \u041f\u043d-\u041f 8:00 \u2014 20:00 +371 27772247 info@safebox.lv<\/p>\n","protected":false},"author":17,"featured_media":0,"parent":0,"menu_order":0,"comment_status":"closed","ping_status":"closed","template":"","meta":{"footnotes":""},"class_list":["post-17921","page","type-page","status-publish","hentry"],"yoast_head":"<!-- This site is optimized with the Yoast SEO plugin v27.2 - https:\/\/yoast.com\/product\/yoast-seo-wordpress\/ -->\n<title>\u041a\u043e\u043d\u0442\u0430\u043a\u0442\u044b - Safe Box - 27772247<\/title>\n<meta name=\"description\" content=\"\u041a\u043e\u043d\u0442\u0430\u043a\u0442\u043d\u044b\u0435 \u0434\u0430\u043d\u043d\u044b\u0435 \u0438 \u043a\u0430\u0440\u0442\u0430 SAFE BOX, \u0447\u0442\u043e\u0431\u044b \u043b\u044e\u0431\u043e\u0439 \u0436\u0435\u043b\u0430\u044e\u0449\u0438\u0439 \u043c\u043e\u0433 \u0431\u044b\u0441\u0442\u0440\u043e \u0438 \u043b\u0435\u0433\u043a\u043e \u0441\u0432\u044f\u0437\u0430\u0442\u044c\u0441\u044f \u0441 SAFE BOX.\" \/>\n<meta name=\"robots\" content=\"index, follow, max-snippet:-1, max-image-preview:large, max-video-preview:-1\" \/>\n<link rel=\"canonical\" href=\"https:\/\/safebox.lv\/kontakti\/\" \/>\n<meta property=\"og:locale\" content=\"ru_RU\" \/>\n<meta property=\"og:type\" content=\"article\" \/>\n<meta property=\"og:title\" content=\"\u041a\u043e\u043d\u0442\u0430\u043a\u0442\u044b - Safe Box - 27772247\" \/>\n<meta property=\"og:description\" content=\"\u041a\u043e\u043d\u0442\u0430\u043a\u0442\u043d\u044b\u0435 \u0434\u0430\u043d\u043d\u044b\u0435 \u0438 \u043a\u0430\u0440\u0442\u0430 SAFE BOX, \u0447\u0442\u043e\u0431\u044b \u043b\u044e\u0431\u043e\u0439 \u0436\u0435\u043b\u0430\u044e\u0449\u0438\u0439 \u043c\u043e\u0433 \u0431\u044b\u0441\u0442\u0440\u043e \u0438 \u043b\u0435\u0433\u043a\u043e \u0441\u0432\u044f\u0437\u0430\u0442\u044c\u0441\u044f \u0441 SAFE BOX.\" \/>\n<meta property=\"og:url\" content=\"https:\/\/safebox.lv\/kontakti\/\" \/>\n<meta property=\"og:site_name\" content=\"Safe Box\" \/>\n<meta property=\"article:modified_time\" content=\"2026-01-16T12:15:12+00:00\" \/>\n<meta property=\"og:image\" content=\"https:\/\/safebox.lv\/wp-content\/uploads\/elementor\/thumbs\/kontakti-centrs-re7hwrra0yj2c48md2q0axdtt5hwvq1ojcs33bp8u8.png\" \/>\n<meta name=\"twitter:card\" content=\"summary_large_image\" \/>\n<script type=\"application\/ld+json\" class=\"yoast-schema-graph\">{\"@context\":\"https:\/\/schema.org\",\"@graph\":[{\"@type\":\"WebPage\",\"@id\":\"https:\/\/safebox.lv\/kontakti\/\",\"url\":\"https:\/\/safebox.lv\/kontakti\/\",\"name\":\"\u041a\u043e\u043d\u0442\u0430\u043a\u0442\u044b - Safe Box - 27772247\",\"isPartOf\":{\"@id\":\"https:\/\/safebox.lv\/#website\"},\"primaryImageOfPage\":{\"@id\":\"https:\/\/safebox.lv\/kontakti\/#primaryimage\"},\"image\":{\"@id\":\"https:\/\/safebox.lv\/kontakti\/#primaryimage\"},\"thumbnailUrl\":\"https:\/\/safebox.lv\/wp-content\/uploads\/elementor\/thumbs\/kontakti-centrs-re7hwrra0yj2c48md2q0axdtt5hwvq1ojcs33bp8u8.png\",\"datePublished\":\"2025-11-04T10:55:46+00:00\",\"dateModified\":\"2026-01-16T12:15:12+00:00\",\"description\":\"\u041a\u043e\u043d\u0442\u0430\u043a\u0442\u043d\u044b\u0435 \u0434\u0430\u043d\u043d\u044b\u0435 \u0438 \u043a\u0430\u0440\u0442\u0430 SAFE BOX, \u0447\u0442\u043e\u0431\u044b \u043b\u044e\u0431\u043e\u0439 \u0436\u0435\u043b\u0430\u044e\u0449\u0438\u0439 \u043c\u043e\u0433 \u0431\u044b\u0441\u0442\u0440\u043e \u0438 \u043b\u0435\u0433\u043a\u043e \u0441\u0432\u044f\u0437\u0430\u0442\u044c\u0441\u044f \u0441 SAFE BOX.\",\"breadcrumb\":{\"@id\":\"https:\/\/safebox.lv\/kontakti\/#breadcrumb\"},\"inLanguage\":\"ru-RU\",\"potentialAction\":[{\"@type\":\"ReadAction\",\"target\":[\"https:\/\/safebox.lv\/kontakti\/\"]}]},{\"@type\":\"ImageObject\",\"inLanguage\":\"ru-RU\",\"@id\":\"https:\/\/safebox.lv\/kontakti\/#primaryimage\",\"url\":\"https:\/\/safebox.lv\/wp-content\/uploads\/elementor\/thumbs\/kontakti-centrs-re7hwrra0yj2c48md2q0axdtt5hwvq1ojcs33bp8u8.png\",\"contentUrl\":\"https:\/\/safebox.lv\/wp-content\/uploads\/elementor\/thumbs\/kontakti-centrs-re7hwrra0yj2c48md2q0axdtt5hwvq1ojcs33bp8u8.png\"},{\"@type\":\"BreadcrumbList\",\"@id\":\"https:\/\/safebox.lv\/kontakti\/#breadcrumb\",\"itemListElement\":[{\"@type\":\"ListItem\",\"position\":1,\"name\":\"Home\",\"item\":\"https:\/\/safebox.lv\/\"},{\"@type\":\"ListItem\",\"position\":2,\"name\":\"\u041a\u043e\u043d\u0442\u0430\u043a\u0442\u044b\"}]},{\"@type\":\"WebSite\",\"@id\":\"https:\/\/safebox.lv\/#website\",\"url\":\"https:\/\/safebox.lv\/\",\"name\":\"Safe Box\",\"description\":\"\",\"publisher\":{\"@id\":\"https:\/\/safebox.lv\/#organization\"},\"potentialAction\":[{\"@type\":\"SearchAction\",\"target\":{\"@type\":\"EntryPoint\",\"urlTemplate\":\"https:\/\/safebox.lv\/?s={search_term_string}\"},\"query-input\":{\"@type\":\"PropertyValueSpecification\",\"valueRequired\":true,\"valueName\":\"search_term_string\"}}],\"inLanguage\":\"ru-RU\"},{\"@type\":\"Organization\",\"@id\":\"https:\/\/safebox.lv\/#organization\",\"name\":\"Safe Box\",\"url\":\"https:\/\/safebox.lv\/\",\"logo\":{\"@type\":\"ImageObject\",\"inLanguage\":\"ru-RU\",\"@id\":\"https:\/\/safebox.lv\/#\/schema\/logo\/image\/\",\"url\":\"https:\/\/safebox.lv\/wp-content\/uploads\/2025\/09\/safebox-logotips1.png\",\"contentUrl\":\"https:\/\/safebox.lv\/wp-content\/uploads\/2025\/09\/safebox-logotips1.png\",\"width\":120,\"height\":96,\"caption\":\"Safe Box\"},\"image\":{\"@id\":\"https:\/\/safebox.lv\/#\/schema\/logo\/image\/\"}}]}<\/script>\n<!-- \/ Yoast SEO plugin. -->","yoast_head_json":{"title":"\u041a\u043e\u043d\u0442\u0430\u043a\u0442\u044b - Safe Box - 27772247","description":"\u041a\u043e\u043d\u0442\u0430\u043a\u0442\u043d\u044b\u0435 \u0434\u0430\u043d\u043d\u044b\u0435 \u0438 \u043a\u0430\u0440\u0442\u0430 SAFE BOX, \u0447\u0442\u043e\u0431\u044b \u043b\u044e\u0431\u043e\u0439 \u0436\u0435\u043b\u0430\u044e\u0449\u0438\u0439 \u043c\u043e\u0433 \u0431\u044b\u0441\u0442\u0440\u043e \u0438 \u043b\u0435\u0433\u043a\u043e \u0441\u0432\u044f\u0437\u0430\u0442\u044c\u0441\u044f \u0441 SAFE BOX.","robots":{"index":"index","follow":"follow","max-snippet":"max-snippet:-1","max-image-preview":"max-image-preview:large","max-video-preview":"max-video-preview:-1"},"canonical":"https:\/\/safebox.lv\/kontakti\/","og_locale":"ru_RU","og_type":"article","og_title":"\u041a\u043e\u043d\u0442\u0430\u043a\u0442\u044b - Safe Box - 27772247","og_description":"\u041a\u043e\u043d\u0442\u0430\u043a\u0442\u043d\u044b\u0435 \u0434\u0430\u043d\u043d\u044b\u0435 \u0438 \u043a\u0430\u0440\u0442\u0430 SAFE BOX, \u0447\u0442\u043e\u0431\u044b \u043b\u044e\u0431\u043e\u0439 \u0436\u0435\u043b\u0430\u044e\u0449\u0438\u0439 \u043c\u043e\u0433 \u0431\u044b\u0441\u0442\u0440\u043e \u0438 \u043b\u0435\u0433\u043a\u043e \u0441\u0432\u044f\u0437\u0430\u0442\u044c\u0441\u044f \u0441 SAFE BOX.","og_url":"https:\/\/safebox.lv\/kontakti\/","og_site_name":"Safe Box","article_modified_time":"2026-01-16T12:15:12+00:00","og_image":[{"url":"https:\/\/safebox.lv\/wp-content\/uploads\/elementor\/thumbs\/kontakti-centrs-re7hwrra0yj2c48md2q0axdtt5hwvq1ojcs33bp8u8.png","type":"","width":"","height":""}],"twitter_card":"summary_large_image","schema":{"@context":"https:\/\/schema.org","@graph":[{"@type":"WebPage","@id":"https:\/\/safebox.lv\/kontakti\/","url":"https:\/\/safebox.lv\/kontakti\/","name":"\u041a\u043e\u043d\u0442\u0430\u043a\u0442\u044b - Safe Box - 27772247","isPartOf":{"@id":"https:\/\/safebox.lv\/#website"},"primaryImageOfPage":{"@id":"https:\/\/safebox.lv\/kontakti\/#primaryimage"},"image":{"@id":"https:\/\/safebox.lv\/kontakti\/#primaryimage"},"thumbnailUrl":"https:\/\/safebox.lv\/wp-content\/uploads\/elementor\/thumbs\/kontakti-centrs-re7hwrra0yj2c48md2q0axdtt5hwvq1ojcs33bp8u8.png","datePublished":"2025-11-04T10:55:46+00:00","dateModified":"2026-01-16T12:15:12+00:00","description":"\u041a\u043e\u043d\u0442\u0430\u043a\u0442\u043d\u044b\u0435 \u0434\u0430\u043d\u043d\u044b\u0435 \u0438 \u043a\u0430\u0440\u0442\u0430 SAFE BOX, \u0447\u0442\u043e\u0431\u044b \u043b\u044e\u0431\u043e\u0439 \u0436\u0435\u043b\u0430\u044e\u0449\u0438\u0439 \u043c\u043e\u0433 \u0431\u044b\u0441\u0442\u0440\u043e \u0438 \u043b\u0435\u0433\u043a\u043e \u0441\u0432\u044f\u0437\u0430\u0442\u044c\u0441\u044f \u0441 SAFE BOX.","breadcrumb":{"@id":"https:\/\/safebox.lv\/kontakti\/#breadcrumb"},"inLanguage":"ru-RU","potentialAction":[{"@type":"ReadAction","target":["https:\/\/safebox.lv\/kontakti\/"]}]},{"@type":"ImageObject","inLanguage":"ru-RU","@id":"https:\/\/safebox.lv\/kontakti\/#primaryimage","url":"https:\/\/safebox.lv\/wp-content\/uploads\/elementor\/thumbs\/kontakti-centrs-re7hwrra0yj2c48md2q0axdtt5hwvq1ojcs33bp8u8.png","contentUrl":"https:\/\/safebox.lv\/wp-content\/uploads\/elementor\/thumbs\/kontakti-centrs-re7hwrra0yj2c48md2q0axdtt5hwvq1ojcs33bp8u8.png"},{"@type":"BreadcrumbList","@id":"https:\/\/safebox.lv\/kontakti\/#breadcrumb","itemListElement":[{"@type":"ListItem","position":1,"name":"Home","item":"https:\/\/safebox.lv\/"},{"@type":"ListItem","position":2,"name":"\u041a\u043e\u043d\u0442\u0430\u043a\u0442\u044b"}]},{"@type":"WebSite","@id":"https:\/\/safebox.lv\/#website","url":"https:\/\/safebox.lv\/","name":"Safe Box","description":"","publisher":{"@id":"https:\/\/safebox.lv\/#organization"},"potentialAction":[{"@type":"SearchAction","target":{"@type":"EntryPoint","urlTemplate":"https:\/\/safebox.lv\/?s={search_term_string}"},"query-input":{"@type":"PropertyValueSpecification","valueRequired":true,"valueName":"search_term_string"}}],"inLanguage":"ru-RU"},{"@type":"Organization","@id":"https:\/\/safebox.lv\/#organization","name":"Safe Box","url":"https:\/\/safebox.lv\/","logo":{"@type":"ImageObject","inLanguage":"ru-RU","@id":"https:\/\/safebox.lv\/#\/schema\/logo\/image\/","url":"https:\/\/safebox.lv\/wp-content\/uploads\/2025\/09\/safebox-logotips1.png","contentUrl":"https:\/\/safebox.lv\/wp-content\/uploads\/2025\/09\/safebox-logotips1.png","width":120,"height":96,"caption":"Safe Box"},"image":{"@id":"https:\/\/safebox.lv\/#\/schema\/logo\/image\/"}}]}},"_links":{"self":[{"href":"https:\/\/safebox.lv\/ru\/wp-json\/wp\/v2\/pages\/17921","targetHints":{"allow":["GET"]}}],"collection":[{"href":"https:\/\/safebox.lv\/ru\/wp-json\/wp\/v2\/pages"}],"about":[{"href":"https:\/\/safebox.lv\/ru\/wp-json\/wp\/v2\/types\/page"}],"author":[{"embeddable":true,"href":"https:\/\/safebox.lv\/ru\/wp-json\/wp\/v2\/users\/17"}],"replies":[{"embeddable":true,"href":"https:\/\/safebox.lv\/ru\/wp-json\/wp\/v2\/comments?post=17921"}],"version-history":[{"count":4,"href":"https:\/\/safebox.lv\/ru\/wp-json\/wp\/v2\/pages\/17921\/revisions"}],"predecessor-version":[{"id":17925,"href":"https:\/\/safebox.lv\/ru\/wp-json\/wp\/v2\/pages\/17921\/revisions\/17925"}],"wp:attachment":[{"href":"https:\/\/safebox.lv\/ru\/wp-json\/wp\/v2\/media?parent=17921"}],"curies":[{"name":"wp","href":"https:\/\/api.w.org\/{rel}","templated":true}]}}